{"id":1972,"date":"2013-04-13T06:24:03","date_gmt":"2013-04-13T06:24:03","guid":{"rendered":"http:\/\/wordpress.englishdays.de\/preise-2\/"},"modified":"2021-02-05T14:01:43","modified_gmt":"2021-02-05T14:01:43","slug":"faq","status":"publish","type":"page","link":"https:\/\/www.buntes-haus.com\/en\/faq\/","title":{"rendered":"FaQ"},"content":{"rendered":"[vc_row type=&#8221;in_container&#8221; full_screen_row_position=&#8221;middle&#8221; scene_position=&#8221;center&#8221; text_color=&#8221;dark&#8221; text_align=&#8221;left&#8221; overlay_strength=&#8221;0.3&#8243; shape_divider_position=&#8221;bottom&#8221;][vc_column column_padding=&#8221;no-extra-padding&#8221; column_padding_position=&#8221;all&#8221; background_color_opacity=&#8221;1&#8243; background_hover_color_opacity=&#8221;1&#8243; column_link_target=&#8221;_self&#8221; column_shadow=&#8221;none&#8221; column_border_radius=&#8221;none&#8221; width=&#8221;1\/1&#8243; tablet_width_inherit=&#8221;default&#8221; tablet_text_alignment=&#8221;default&#8221; phone_text_alignment=&#8221;default&#8221; column_border_width=&#8221;none&#8221; column_border_style=&#8221;solid&#8221;]<div data-midnight=\"yba-slider\" class=\"parallax_slider_outer \" ><div  data-transition=\"slide\" data-overall_style=\"classic\" data-flexible-height=\"\" data-animate-in-effect=\"none\" data-fullscreen=\"false\" data-button-sizing=\"regular\" data-button-styling=\"btn_with_count\" data-autorotate=\"\" data-parallax=\"true\" data-parallax-disable-mobile=\"\" data-caption-trans=\"fade_in_from_bottom\" data-parallax-style=\"bg_only\" data-bg-animation=\"none\" data-full-width=\"true\" class=\"yba-slider-wrap \" id=\"ns-id-69f5efe4a4ee8\" ><div class=\"swiper-container\"   data-tho=\"auto\" data-tco=\"auto\" data-pho=\"auto\" data-pco=\"auto\" data-loop=\"false\" data-height=\"600\" data-min-height=\"\" data-arrows=\"false\" data-bullets=\"false\" data-bullet_style=\"see_through\" data-bullet_position=\"bottom\" data-desktop-swipe=\"false\" data-settings=\"\"> <div class=\"swiper-wrapper\"><div class=\"swiper-slide\" data-desktop-content-width=\"auto\" data-tablet-content-width=\"auto\" data-bg-alignment=\"center\" data-color-scheme=\"light\" data-x-pos=\"left\" data-y-pos=\"middle\" > \n\t\t\t\t\t\t\t\t<div class=\"slide-bg-wrap\"><div class=\"image-bg\" style=\"background-image: url(https:\/\/www.buntes-haus.com\/wp-content\/uploads\/2019\/11\/BuntesHaus_Headerbild_2019-11-19_2.jpg);\"> &nbsp; <\/div><\/div><div class=\"video-texture \"> <span class=\"ie-fix\"><\/span> <\/div><\/div> <!--\/swiper-slide--><\/div><div class=\"yba-slider-loading \"> <span class=\"loading-icon none\">   <\/span> <\/div> <\/div> \n\t\t\t\t\n\t\t\t<\/div><\/div>[\/vc_column][\/vc_row][vc_row type=&#8221;full_width_background&#8221; full_screen_row_position=&#8221;middle&#8221; bg_color=&#8221;#ffffff&#8221; scene_position=&#8221;center&#8221; text_color=&#8221;dark&#8221; text_align=&#8221;left&#8221; overlay_strength=&#8221;0.3&#8243; shape_divider_position=&#8221;bottom&#8221; shape_type=&#8221;&#8221;][vc_column column_padding=&#8221;no-extra-padding&#8221; column_padding_position=&#8221;all&#8221; background_color_opacity=&#8221;1&#8243; background_hover_color_opacity=&#8221;1&#8243; column_link_target=&#8221;_self&#8221; column_shadow=&#8221;none&#8221; column_border_radius=&#8221;none&#8221; width=&#8221;1\/1&#8243; tablet_width_inherit=&#8221;default&#8221; tablet_text_alignment=&#8221;default&#8221; phone_text_alignment=&#8221;default&#8221; column_border_width=&#8221;none&#8221; column_border_style=&#8221;solid&#8221;]<div class=\"img-with-aniamtion-wrap \" data-max-width=\"100%\" data-border-radius=\"none\"><div class=\"inner\"><img loading=\"lazy\" decoding=\"async\" data-shadow=\"none\" data-shadow-direction=\"middle\" class=\"img-with-animation skip-lazy \" data-delay=\"0\" height=\"30\" width=\"1458\"  data-animation=\"fade-in\" src=\"https:\/\/www.buntes-haus.com\/wp-content\/uploads\/2019\/01\/slit-shadow.png\" srcset=\"https:\/\/www.buntes-haus.com\/wp-content\/uploads\/2019\/01\/slit-shadow.png 1458w, https:\/\/www.buntes-haus.com\/wp-content\/uploads\/2019\/01\/slit-shadow-300x6.png 300w, https:\/\/www.buntes-haus.com\/wp-content\/uploads\/2019\/01\/slit-shadow-768x16.png 768w, https:\/\/www.buntes-haus.com\/wp-content\/uploads\/2019\/01\/slit-shadow-1024x21.png 1024w\" sizes=\"auto, 100vw\" alt=\"\" \/><\/div><\/div>[\/vc_column][\/vc_row][vc_row type=&#8221;full_width_background&#8221; full_screen_row_position=&#8221;middle&#8221; bg_color=&#8221;#ffffff&#8221; scene_position=&#8221;center&#8221; text_color=&#8221;dark&#8221; text_align=&#8221;left&#8221; top_padding=&#8221;40&#8243; bottom_padding=&#8221;40&#8243; overlay_strength=&#8221;0.3&#8243; shape_divider_position=&#8221;bottom&#8221; shape_type=&#8221;&#8221;][vc_column column_padding=&#8221;no-extra-padding&#8221; column_padding_position=&#8221;all&#8221; background_color_opacity=&#8221;1&#8243; background_hover_color_opacity=&#8221;1&#8243; column_link_target=&#8221;_self&#8221; column_shadow=&#8221;none&#8221; column_border_radius=&#8221;none&#8221; width=&#8221;1\/1&#8243; tablet_width_inherit=&#8221;default&#8221; tablet_text_alignment=&#8221;default&#8221; phone_text_alignment=&#8221;default&#8221; column_border_width=&#8221;none&#8221; column_border_style=&#8221;solid&#8221;][vc_column_text]\n<h1 style=\"text-align: center;\"><span style=\"color: #0057a3;\">H\u00e4ufige Fragen &#8211; schnell beantwortet (FaQ`s)<\/span><\/h1>\n<p style=\"text-align: center;\"><a href=\"https:\/\/www.buntes-haus.com\/wp-content\/uploads\/2013\/03\/raute.png\"><img loading=\"lazy\" decoding=\"async\" class=\"size-full wp-image-1386 aligncenter\" src=\"https:\/\/www.buntes-haus.com\/wp-content\/uploads\/2013\/03\/raute.png\" alt=\"raute\" width=\"81\" height=\"6\" \/><\/a><\/p>\n<p style=\"text-align: center;\"><span style=\"line-height: 1.5em;\">Hier erhalten sie schnelle Antworten auf die h\u00e4ufigsten Fragen, die uns erreichen.<\/span><\/p>\n[\/vc_column_text][\/vc_column][\/vc_row][vc_row type=&#8221;full_width_background&#8221; full_screen_row_position=&#8221;middle&#8221; bg_color=&#8221;#ffffff&#8221; scene_position=&#8221;center&#8221; text_color=&#8221;dark&#8221; text_align=&#8221;left&#8221; overlay_strength=&#8221;0.3&#8243; shape_divider_position=&#8221;bottom&#8221; shape_type=&#8221;&#8221;][vc_column column_padding=&#8221;no-extra-padding&#8221; column_padding_position=&#8221;all&#8221; background_color_opacity=&#8221;1&#8243; background_hover_color_opacity=&#8221;1&#8243; column_link_target=&#8221;_self&#8221; column_shadow=&#8221;none&#8221; column_border_radius=&#8221;none&#8221; width=&#8221;1\/1&#8243; tablet_width_inherit=&#8221;default&#8221; tablet_text_alignment=&#8221;default&#8221; phone_text_alignment=&#8221;default&#8221; column_border_width=&#8221;none&#8221; column_border_style=&#8221;solid&#8221;]<div class=\"img-with-aniamtion-wrap \" data-max-width=\"100%\" data-border-radius=\"none\"><div class=\"inner\"><img loading=\"lazy\" decoding=\"async\" data-shadow=\"none\" data-shadow-direction=\"middle\" class=\"img-with-animation skip-lazy \" data-delay=\"0\" height=\"30\" width=\"1458\"  data-animation=\"fade-in\" src=\"https:\/\/www.buntes-haus.com\/wp-content\/uploads\/2019\/01\/slit-shadow.png\" srcset=\"https:\/\/www.buntes-haus.com\/wp-content\/uploads\/2019\/01\/slit-shadow.png 1458w, https:\/\/www.buntes-haus.com\/wp-content\/uploads\/2019\/01\/slit-shadow-300x6.png 300w, https:\/\/www.buntes-haus.com\/wp-content\/uploads\/2019\/01\/slit-shadow-768x16.png 768w, https:\/\/www.buntes-haus.com\/wp-content\/uploads\/2019\/01\/slit-shadow-1024x21.png 1024w\" sizes=\"auto, 100vw\" alt=\"\" \/><\/div><\/div>[\/vc_column][\/vc_row][vc_row type=&#8221;full_width_background&#8221; full_screen_row_position=&#8221;middle&#8221; bg_color=&#8221;#ffffff&#8221; scene_position=&#8221;center&#8221; text_color=&#8221;dark&#8221; text_align=&#8221;left&#8221; overlay_strength=&#8221;0.3&#8243; shape_divider_position=&#8221;bottom&#8221; shape_type=&#8221;&#8221;][vc_column column_padding=&#8221;no-extra-padding&#8221; column_padding_position=&#8221;all&#8221; background_color_opacity=&#8221;1&#8243; background_hover_color_opacity=&#8221;1&#8243; column_link_target=&#8221;_self&#8221; column_shadow=&#8221;none&#8221; column_border_radius=&#8221;none&#8221; width=&#8221;1\/1&#8243; tablet_width_inherit=&#8221;default&#8221; tablet_text_alignment=&#8221;default&#8221; phone_text_alignment=&#8221;default&#8221; column_border_width=&#8221;none&#8221; column_border_style=&#8221;solid&#8221;]<div class=\"toggles \" data-style=\"minimal\"><div class=\"toggle accent-color\"><h3><a href=\"#\"><i class=\"icon-plus-sign\"><\/i>Wo finde ich Ihre Preisliste?<\/a><\/h3><div>[vc_column_text]Basispreise finden sie in der Beschreibung der Zimmerkategorien sowie der Pauschal- und Urlaubsangebote. Den genauen Preis f\u00fcr Ihren gew\u00fcnschten Reisezeitraum k\u00f6nnen sie rund um die Uhr in unserer<strong> <a href=\"https:\/\/www.buntes-haus.com\/hotelbooking\/#\/hotelbooking\" target=\"_blank\" rel=\"noopener noreferrer\">Online- Rezeption<\/a> <\/strong>selbst berechnen, per Fax und Mail oder t\u00e4glich von 11.00 Uhr bis 18.00 Uhr telefonisch im Hotel erfragen.[\/vc_column_text]<\/div><\/div><div class=\"toggle accent-color\"><h3><a href=\"#\"><i class=\"icon-plus-sign\"><\/i>Bis wann kann ich bei ihnen stornieren?<\/a><\/h3><div>[vc_column_text]Die Stornierungsfristen sind auf Ihrem Angebot und der Best\u00e4tigung aufgef\u00fchrt. Grunds\u00e4tzlich bieten wir eine <strong>Flexible Rate<\/strong> mit einer flexiblen Stornierungsm\u00f6glichkeit bis zum Anreisetag oder eine <strong>Feste Rate<\/strong> ohne Stornierungsm\u00f6glichkeit an.<\/p>\n<p>In Zeiten mit erwarteter hoher Auslastung oder hohem aktuellem Buchungsstand werden Ihnen unsere <strong><a href=\"https:\/\/www.buntes-haus.com\/hotelbooking\/#\/hotelbooking\" target=\"_blank\" rel=\"noopener noreferrer\">Online- Rezeption<\/a><\/strong> und unsere Mitarbeitern nur eine Feste Rate ohne Stornierungsm\u00f6glichkeiten anbieten.<\/p>\n[\/vc_column_text]<\/div><\/div><div class=\"toggle accent-color\"><h3><a href=\"#\"><i class=\"icon-plus-sign\"><\/i>Kann ich einen Parkplatz am Haus reservieren?<\/a><\/h3><div>[vc_column_text]Nein. Direkt am Hotel stehen uns Parkpl\u00e4tze in begrenzter Anzahl zur Verf\u00fcgung. In 350 Meter Entfernung befindet sich ein weiterer gro\u00dfer Parkplatz, auf dem Sie als unsere Hotelg\u00e4ste kostenfrei parken k\u00f6nnen. Einen Parkschein erhalten Sie an der Rezeption. Jederzeit k\u00f6nnen Sie vor dem Hotel halbseitig auf dem Gehweg halten.<\/p>\n<p>Aufgrund des Seiffener Weihnachtsmarktes stehen Ihnen vom Mitte November bis zum 2. Januar die Parkm\u00f6glichkeiten direkt am Hotel nicht zur Verf\u00fcgung.<\/p>\n<p>&nbsp;<\/p>\n<p>&nbsp;<\/p>\n<p>&nbsp;<\/p>\n[\/vc_column_text]<\/div><\/div><\/div>[\/vc_column][\/vc_row][vc_row type=&#8221;in_container&#8221; full_screen_row_position=&#8221;middle&#8221; scene_position=&#8221;center&#8221; text_color=&#8221;dark&#8221; text_align=&#8221;left&#8221; overlay_strength=&#8221;0.3&#8243; shape_divider_position=&#8221;bottom&#8221;][vc_column column_padding=&#8221;no-extra-padding&#8221; column_padding_position=&#8221;all&#8221; background_color_opacity=&#8221;1&#8243; background_hover_color_opacity=&#8221;1&#8243; column_link_target=&#8221;_self&#8221; column_shadow=&#8221;none&#8221; column_border_radius=&#8221;none&#8221; width=&#8221;1\/1&#8243; tablet_width_inherit=&#8221;default&#8221; tablet_text_alignment=&#8221;default&#8221; phone_text_alignment=&#8221;default&#8221; column_border_width=&#8221;none&#8221; column_border_style=&#8221;solid&#8221;]<div  data-transition=\"slide\" data-overall_style=\"classic\" data-flexible-height=\"\" data-animate-in-effect=\"none\" data-fullscreen=\"false\" data-button-sizing=\"regular\" data-button-styling=\"btn_with_count\" data-autorotate=\"\" data-parallax=\"false\" data-parallax-disable-mobile=\"\" data-caption-trans=\"fade_in_from_bottom\" data-parallax-style=\"bg_only\" data-bg-animation=\"none\" data-full-width=\"true\" class=\"yba-slider-wrap \" id=\"ns-id-69f5efe4a68d2\" ><div class=\"swiper-container\"   data-tho=\"auto\" data-tco=\"auto\" data-pho=\"auto\" data-pco=\"auto\" data-loop=\"false\" data-height=\"150\" data-min-height=\"\" data-arrows=\"false\" data-bullets=\"false\" data-bullet_style=\"see_through\" data-bullet_position=\"bottom\" data-desktop-swipe=\"false\" data-settings=\"\"> <div class=\"swiper-wrapper\"><div class=\"swiper-slide\" data-desktop-content-width=\"auto\" data-tablet-content-width=\"auto\" data-bg-alignment=\"center\" data-color-scheme=\"light\" data-x-pos=\"centered\" data-y-pos=\"middle\" > \n\t\t\t\t\t\t\t\t<div class=\"slide-bg-wrap\"><div class=\"image-bg\" style=\"background-image: url(https:\/\/www.buntes-haus.com\/wp-content\/uploads\/2014\/02\/bretter.jpg);\"> &nbsp; <\/div><\/div><div class=\"video-texture \"> <span class=\"ie-fix\"><\/span> <\/div><\/div> <!--\/swiper-slide--><\/div><div class=\"yba-slider-loading \"> <span class=\"loading-icon none\">   <\/span> <\/div> <\/div> \n\t\t\t\t\n\t\t\t<\/div>[\/vc_column][\/vc_row]\n","protected":false},"excerpt":{"rendered":"<p>[vc_row type=&#8221;in_container&#8221; full_screen_row_position=&#8221;middle&#8221; scene_position=&#8221;center&#8221; text_color=&#8221;dark&#8221; text_align=&#8221;left&#8221; overlay_strength=&#8221;0.3&#8243; shape_divider_position=&#8221;bottom&#8221;][vc_column column_padding=&#8221;no-extra-padding&#8221; column_padding_position=&#8221;all&#8221; background_color_opacity=&#8221;1&#8243; background_hover_color_opacity=&#8221;1&#8243; column_link_target=&#8221;_self&#8221; column_shadow=&#8221;none&#8221; column_border_radius=&#8221;none&#8221; width=&#8221;1\/1&#8243; tablet_width_inherit=&#8221;default&#8221; tablet_text_alignment=&#8221;default&#8221; phone_text_alignment=&#8221;default&#8221; column_border_width=&#8221;none&#8221; column_border_style=&#8221;solid&#8221;][\/vc_column][\/vc_row][vc_row type=&#8221;full_width_background&#8221; full_screen_row_position=&#8221;middle&#8221; bg_color=&#8221;#ffffff&#8221; scene_position=&#8221;center&#8221; text_color=&#8221;dark&#8221; text_align=&#8221;left&#8221; overlay_strength=&#8221;0.3&#8243; shape_divider_position=&#8221;bottom&#8221; shape_type=&#8221;&#8221;][vc_column&#8230;<\/p>\n","protected":false},"author":1,"featured_media":0,"parent":0,"menu_order":16,"comment_status":"open","ping_status":"open","template":"","meta":{"footnotes":""},"class_list":["post-1972","page","type-page","status-publish"],"yoast_head":"<!-- This site is optimized with the Yoast SEO plugin v26.2 - https:\/\/yoast.com\/wordpress\/plugins\/seo\/ -->\n<title>Hotel Buntes Haus Seiffen, Erzgebirge \u2013 Familienurlaub: g\u00fcnstiger in den Urlaub mit Kindern | online buchen | Familienzimmer | Halbpension oder all inclusive Angebote | Sauna<\/title>\n<meta name=\"description\" content=\"Kosteng\u00fcnstiges Hotel trotz hohem Standard.\" \/>\n<meta name=\"robots\" content=\"index, follow, max-snippet:-1, max-image-preview:large, max-video-preview:-1\" \/>\n<link rel=\"canonical\" href=\"https:\/\/www.buntes-haus.com\/en\/faq\/\" \/>\n<meta property=\"og:locale\" content=\"en_US\" \/>\n<meta property=\"og:type\" content=\"article\" \/>\n<meta property=\"og:title\" content=\"Hotel Buntes Haus Seiffen, Erzgebirge \u2013 Familienurlaub: g\u00fcnstiger in den Urlaub mit Kindern | online buchen | Familienzimmer | Halbpension oder all inclusive Angebote | Sauna\" \/>\n<meta property=\"og:description\" content=\"Kosteng\u00fcnstiges Hotel trotz hohem Standard.\" \/>\n<meta property=\"og:url\" content=\"https:\/\/www.buntes-haus.com\/en\/faq\/\" \/>\n<meta property=\"og:site_name\" content=\"Buntes Haus Seiffen\" \/>\n<meta property=\"article:modified_time\" content=\"2021-02-05T14:01:43+00:00\" \/>\n<meta property=\"og:image\" content=\"https:\/\/www.buntes-haus.com\/wp-content\/uploads\/2013\/03\/raute.png\" \/>\n<meta name=\"twitter:label1\" content=\"Est. reading time\" \/>\n\t<meta name=\"twitter:data1\" content=\"4 minutes\" \/>\n<script type=\"application\/ld+json\" class=\"yoast-schema-graph\">{\"@context\":\"https:\/\/schema.org\",\"@graph\":[{\"@type\":\"WebPage\",\"@id\":\"https:\/\/www.buntes-haus.com\/en\/faq\/\",\"url\":\"https:\/\/www.buntes-haus.com\/en\/faq\/\",\"name\":\"Hotel Buntes Haus Seiffen, Erzgebirge \u2013 Familienurlaub: g\u00fcnstiger in den Urlaub mit Kindern | online buchen | Familienzimmer | Halbpension oder all inclusive Angebote | Sauna\",\"isPartOf\":{\"@id\":\"https:\/\/www.buntes-haus.com\/#website\"},\"primaryImageOfPage\":{\"@id\":\"https:\/\/www.buntes-haus.com\/en\/faq\/#primaryimage\"},\"image\":{\"@id\":\"https:\/\/www.buntes-haus.com\/en\/faq\/#primaryimage\"},\"thumbnailUrl\":\"https:\/\/www.buntes-haus.com\/wp-content\/uploads\/2013\/03\/raute.png\",\"datePublished\":\"2013-04-13T06:24:03+00:00\",\"dateModified\":\"2021-02-05T14:01:43+00:00\",\"description\":\"Kosteng\u00fcnstiges Hotel trotz hohem Standard.\",\"breadcrumb\":{\"@id\":\"https:\/\/www.buntes-haus.com\/en\/faq\/#breadcrumb\"},\"inLanguage\":\"en-US\",\"potentialAction\":[{\"@type\":\"ReadAction\",\"target\":[\"https:\/\/www.buntes-haus.com\/en\/faq\/\"]}]},{\"@type\":\"ImageObject\",\"inLanguage\":\"en-US\",\"@id\":\"https:\/\/www.buntes-haus.com\/en\/faq\/#primaryimage\",\"url\":\"https:\/\/www.buntes-haus.com\/wp-content\/uploads\/2013\/03\/raute.png\",\"contentUrl\":\"https:\/\/www.buntes-haus.com\/wp-content\/uploads\/2013\/03\/raute.png\"},{\"@type\":\"BreadcrumbList\",\"@id\":\"https:\/\/www.buntes-haus.com\/en\/faq\/#breadcrumb\",\"itemListElement\":[{\"@type\":\"ListItem\",\"position\":1,\"name\":\"Home\",\"item\":\"https:\/\/www.buntes-haus.com\/en\/\"},{\"@type\":\"ListItem\",\"position\":2,\"name\":\"FaQ\"}]},{\"@type\":\"WebSite\",\"@id\":\"https:\/\/www.buntes-haus.com\/#website\",\"url\":\"https:\/\/www.buntes-haus.com\/\",\"name\":\"Buntes Haus Seiffen\",\"description\":\"Hotel Erbgericht Seiffen\",\"potentialAction\":[{\"@type\":\"SearchAction\",\"target\":{\"@type\":\"EntryPoint\",\"urlTemplate\":\"https:\/\/www.buntes-haus.com\/?s={search_term_string}\"},\"query-input\":{\"@type\":\"PropertyValueSpecification\",\"valueRequired\":true,\"valueName\":\"search_term_string\"}}],\"inLanguage\":\"en-US\"}]}<\/script>\n<!-- \/ Yoast SEO plugin. -->","yoast_head_json":{"title":"Hotel Buntes Haus Seiffen, Erzgebirge \u2013 Familienurlaub: g\u00fcnstiger in den Urlaub mit Kindern | online buchen | Familienzimmer | Halbpension oder all inclusive Angebote | Sauna","description":"Kosteng\u00fcnstiges Hotel trotz hohem Standard.","robots":{"index":"index","follow":"follow","max-snippet":"max-snippet:-1","max-image-preview":"max-image-preview:large","max-video-preview":"max-video-preview:-1"},"canonical":"https:\/\/www.buntes-haus.com\/en\/faq\/","og_locale":"en_US","og_type":"article","og_title":"Hotel Buntes Haus Seiffen, Erzgebirge \u2013 Familienurlaub: g\u00fcnstiger in den Urlaub mit Kindern | online buchen | Familienzimmer | Halbpension oder all inclusive Angebote | Sauna","og_description":"Kosteng\u00fcnstiges Hotel trotz hohem Standard.","og_url":"https:\/\/www.buntes-haus.com\/en\/faq\/","og_site_name":"Buntes Haus Seiffen","article_modified_time":"2021-02-05T14:01:43+00:00","og_image":[{"url":"https:\/\/www.buntes-haus.com\/wp-content\/uploads\/2013\/03\/raute.png","type":"","width":"","height":""}],"twitter_misc":{"Est. reading time":"4 minutes"},"schema":{"@context":"https:\/\/schema.org","@graph":[{"@type":"WebPage","@id":"https:\/\/www.buntes-haus.com\/en\/faq\/","url":"https:\/\/www.buntes-haus.com\/en\/faq\/","name":"Hotel Buntes Haus Seiffen, Erzgebirge \u2013 Familienurlaub: g\u00fcnstiger in den Urlaub mit Kindern | online buchen | Familienzimmer | Halbpension oder all inclusive Angebote | Sauna","isPartOf":{"@id":"https:\/\/www.buntes-haus.com\/#website"},"primaryImageOfPage":{"@id":"https:\/\/www.buntes-haus.com\/en\/faq\/#primaryimage"},"image":{"@id":"https:\/\/www.buntes-haus.com\/en\/faq\/#primaryimage"},"thumbnailUrl":"https:\/\/www.buntes-haus.com\/wp-content\/uploads\/2013\/03\/raute.png","datePublished":"2013-04-13T06:24:03+00:00","dateModified":"2021-02-05T14:01:43+00:00","description":"Kosteng\u00fcnstiges Hotel trotz hohem Standard.","breadcrumb":{"@id":"https:\/\/www.buntes-haus.com\/en\/faq\/#breadcrumb"},"inLanguage":"en-US","potentialAction":[{"@type":"ReadAction","target":["https:\/\/www.buntes-haus.com\/en\/faq\/"]}]},{"@type":"ImageObject","inLanguage":"en-US","@id":"https:\/\/www.buntes-haus.com\/en\/faq\/#primaryimage","url":"https:\/\/www.buntes-haus.com\/wp-content\/uploads\/2013\/03\/raute.png","contentUrl":"https:\/\/www.buntes-haus.com\/wp-content\/uploads\/2013\/03\/raute.png"},{"@type":"BreadcrumbList","@id":"https:\/\/www.buntes-haus.com\/en\/faq\/#breadcrumb","itemListElement":[{"@type":"ListItem","position":1,"name":"Home","item":"https:\/\/www.buntes-haus.com\/en\/"},{"@type":"ListItem","position":2,"name":"FaQ"}]},{"@type":"WebSite","@id":"https:\/\/www.buntes-haus.com\/#website","url":"https:\/\/www.buntes-haus.com\/","name":"Buntes Haus Seiffen","description":"Hotel Erbgericht Seiffen","potentialAction":[{"@type":"SearchAction","target":{"@type":"EntryPoint","urlTemplate":"https:\/\/www.buntes-haus.com\/?s={search_term_string}"},"query-input":{"@type":"PropertyValueSpecification","valueRequired":true,"valueName":"search_term_string"}}],"inLanguage":"en-US"}]}},"_links":{"self":[{"href":"https:\/\/www.buntes-haus.com\/en\/wp-json\/wp\/v2\/pages\/1972\/"}],"collection":[{"href":"https:\/\/www.buntes-haus.com\/en\/wp-json\/wp\/v2\/pages\/"}],"about":[{"href":"https:\/\/www.buntes-haus.com\/en\/wp-json\/wp\/v2\/types\/page\/"}],"author":[{"embeddable":true,"href":"https:\/\/www.buntes-haus.com\/en\/wp-json\/wp\/v2\/users\/1\/"}],"replies":[{"embeddable":true,"href":"https:\/\/www.buntes-haus.com\/en\/wp-json\/wp\/v2\/comments\/?post=1972"}],"version-history":[{"count":46,"href":"https:\/\/www.buntes-haus.com\/en\/wp-json\/wp\/v2\/pages\/1972\/revisions\/"}],"predecessor-version":[{"id":7141,"href":"https:\/\/www.buntes-haus.com\/en\/wp-json\/wp\/v2\/pages\/1972\/revisions\/7141\/"}],"wp:attachment":[{"href":"https:\/\/www.buntes-haus.com\/en\/wp-json\/wp\/v2\/media\/?parent=1972"}],"curies":[{"name":"wp","href":"https:\/\/api.w.org\/{rel}","templated":true}]}}